{"id":2417,"date":"2021-05-19T16:41:22","date_gmt":"2021-05-19T14:41:22","guid":{"rendered":"http:\/\/cgfm.fr\/cgfmwp\/?page_id=2417"},"modified":"2026-03-29T17:58:34","modified_gmt":"2026-03-29T15:58:34","slug":"2-les-differents-groupes-dentrainement","status":"publish","type":"page","link":"https:\/\/cgfm.fr\/cgfmwp\/2-les-differents-groupes-dentrainement\/","title":{"rendered":"2 &#8211; LES DIFFERENTS GROUPES D&rsquo;ENTRAINEMENT + LIEUX \/ HORAIRES"},"content":{"rendered":"<h3><span style=\"color: #ff0000;\">SEANCES DES DIFERENTS GROUPES\u00a0 DU\u00a0 MERCREDI SOIR :<\/span><\/h3>\n<h3><span style=\"color: #ff0000;\"> RDV A PARTIR DE 18 H\/ 18 H15 AU <\/span><span style=\"color: #3366ff;\">STADE DE L&rsquo;ILL DE MULHOUSE .<\/span><\/h3>\n<h3><span style=\"color: #ff0000;\">POUR UN DEPART\u00a0 18 H 30 .<\/span><\/h3>\n<p>&nbsp;<\/p>\n<h3><strong>GROUPE BERNARD<\/strong><\/h3>\n<h4>Accueil des nouvelles et nouveaux pour les orienter progressivement vers la comp\u00e9tition ou non,<br \/>\nsur des distances inf\u00e9rieures (course populaires de 5 km ou plus ou mini trail.<br \/>\nLe coureur (euse) de running volontaire pour un travail qualitatif sur piste et cotes et PPG, apte \u00e0<br \/>\nsoutenir des allures d\u2019intensit\u00e9 faible \u00e0 moyenne. Objectif de comp\u00e9tition secondaire.<br \/>\nS\u00e9ance de piste, c\u00f4tes, variation d\u2019allure, travail alternatif.<\/h4>\n<h4>MOTIVATION \u2013 Mieux \u00eatre, progression dans son niveau, introduction \u00e0 la vitesse, la r\u00e9sistance et l\u2019endurance.<\/h4>\n<h4>Sortir de la trilogie m\u00e9tro boulot dodo, pour se faire des amis et la pratique conviviale en groupe, pour lib\u00e9rer son trop plein d\u2019\u00e9nergie et de se d\u00e9fouler. Et pour am\u00e9liorer son self-control,<br \/>\netc..<\/h4>\n<h4>INTENSITE \u2013 faible \u00e0 moyenne<\/h4>\n<h3><\/h3>\n<h4>**************************************<\/h4>\n<h3><strong>GROUPE ERIC\u00a0\u00a0<\/strong><\/h3>\n<h4>\u00c9ric propose r\u00e9guli\u00e8rement d&rsquo;entrainements\u00a0principalement en nature pendant la belle saison<\/h4>\n<h4>et cot\u00e9 du\u00a0 Rebberg en hiver .<\/h4>\n<h4>Entrainement tout en un avec mont\u00e9es\/descentes\/acc\u00e9l\u00e9rations libres , le tout avec travail d&rsquo;endurance .<\/h4>\n<p><strong>MOTIVATION \u2013 Bien \u00eatre, progression en endurance, comp\u00e9tition , trail, montagne, travail des<\/strong><br \/>\n<strong>mont\u00e9es et descentes , convivialit\u00e9 de groupe + Conseils de pr\u00e9paration trail .<\/strong><\/p>\n<p><strong>VOLUME ET AMPLITUDE \u2013 10\/12km \/ environ 1 H 30.<\/strong><\/p>\n<p><strong>INTENSITE \u2013 moyenne \u00e0 mod\u00e9r\u00e9e voir +&#8230;<\/strong><\/p>\n<p><strong>UNE SEANCE PAR SEMAINE .<\/strong><\/p>\n<h5><\/h5>\n<h3>*********************<\/h3>\n<p>&nbsp;<\/p>\n<h3><strong>GROUPE PHILIPPE\u00a0 \/ ARNAUD<\/strong><\/h3>\n<h4>Pour coureurs ayant d\u00e9j\u00e0 l\u2019exp\u00e9rience du running en comp\u00e9tition et qui peuvent<br \/>\nassurer 2, 3 et + s\u00e9ances par semaine dont r\u00e9guli\u00e8rement celle sp\u00e9cifique du mercredi, ce groupe,<br \/>\nd\u00e9j\u00e0 exp\u00e9riment\u00e9 \u00e9volue sur des bases d\u2019entrainement fortes. Apte \u00e0 soutenir des allures intensives<br \/>\net variable \u2013 VMA de 13 (et\/ou +) &#8211; PPG<br \/>\nMOTIVATION \u2013 am\u00e9lioration de son niveau, progression, d\u00e9veloppement vitesse et puissance,<br \/>\nconvivialit\u00e9 de groupe.<br \/>\nVOLUME ET AMPLITUDE \u2013 de 6 \u00e0 9 km en sp\u00e9cifique +\/- 1 h 30<br \/>\nINTENSITE &#8211; forte .<br \/>\n2 \/ 3 s\u00e9ances par semaine\u00a0 ( voir directement avec eux pour les s\u00e9ances autres que le mercredi )<\/h4>\n<h3><\/h3>\n<h5><\/h5>\n<p><strong>****************************<\/strong><\/p>\n<h4><\/h4>\n<h4><span style=\"color: #ff0000;\">\u00a0<\/span><\/h4>\n<p><strong>****************************************<\/strong><\/p>\n<h4><span style=\"color: #00ff00;\">Bien \u00e9videmment, les groupes ne sont pas herm\u00e9tiques &#8230;!<\/span><\/h4>\n<h4><span style=\"color: #00ff00;\"> et il vous est possible de passer<\/span><br \/>\n<span style=\"color: #00ff00;\">d\u2019un groupe \u00e0 l\u2019autre en fonction des crit\u00e8res de groupes, de votre \u00e9volution et motivation, de<\/span><br \/>\n<span style=\"color: #00ff00;\">vos objectifs ou pr\u00e9f\u00e9rences d\u2019animation. Rien n\u2019est fig\u00e9 et chacune et chacun doit y trouver<\/span><br \/>\n<span style=\"color: #00ff00;\">son plaisir.<\/span><br \/>\n<span style=\"color: #00ff00;\">Progresser, c\u2019est grandir ensemble, c\u2019est valoriser son entraineur et son groupe<\/span><br \/>\n<span style=\"color: #00ff00;\">d\u2019entrainement \u00e0 travers sa propre r\u00e9ussite, se faire plaisir et faire plaisir \u00e0 son entourage .<\/span><\/h4>\n","protected":false},"excerpt":{"rendered":"<p>SEANCES DES DIFERENTS GROUPES\u00a0 DU\u00a0 MERCREDI SOIR : RDV A PARTIR DE 18 H\/ 18 H15 AU STADE DE L&rsquo;ILL DE MULHOUSE . POUR UN DEPART\u00a0 18 H 30 . &nbsp; GROUPE BERNARD Accueil des nouvelles et nouveaux pour les orienter progressivement vers la comp\u00e9tition ou non, sur des distances inf\u00e9rieures (course populaires de 5 &hellip; <\/p>\n<p class=\"link-more\"><a href=\"https:\/\/cgfm.fr\/cgfmwp\/2-les-differents-groupes-dentrainement\/\" class=\"more-link\">Lire la suite de<span class=\"screen-reader-text\">\u00ab\u00a02 &#8211; LES DIFFERENTS GROUPES D&rsquo;ENTRAINEMENT + LIEUX \/ HORAIRES\u00a0\u00bb<\/span><\/a><\/p>\n","protected":false},"author":5,"featured_media":0,"parent":0,"menu_order":0,"comment_status":"closed","ping_status":"closed","template":"","meta":{"inspiro_hide_title":false,"footnotes":""},"class_list":["post-2417","page","type-page","status-publish","hentry"],"_links":{"self":[{"href":"https:\/\/cgfm.fr\/cgfmwp\/wp-json\/wp\/v2\/pages\/2417","targetHints":{"allow":["GET"]}}],"collection":[{"href":"https:\/\/cgfm.fr\/cgfmwp\/wp-json\/wp\/v2\/pages"}],"about":[{"href":"https:\/\/cgfm.fr\/cgfmwp\/wp-json\/wp\/v2\/types\/page"}],"author":[{"embeddable":true,"href":"https:\/\/cgfm.fr\/cgfmwp\/wp-json\/wp\/v2\/users\/5"}],"replies":[{"embeddable":true,"href":"https:\/\/cgfm.fr\/cgfmwp\/wp-json\/wp\/v2\/comments?post=2417"}],"version-history":[{"count":7,"href":"https:\/\/cgfm.fr\/cgfmwp\/wp-json\/wp\/v2\/pages\/2417\/revisions"}],"predecessor-version":[{"id":7133,"href":"https:\/\/cgfm.fr\/cgfmwp\/wp-json\/wp\/v2\/pages\/2417\/revisions\/7133"}],"wp:attachment":[{"href":"https:\/\/cgfm.fr\/cgfmwp\/wp-json\/wp\/v2\/media?parent=2417"}],"curies":[{"name":"wp","href":"https:\/\/api.w.org\/{rel}","templated":true}]}}