{"id":2081,"date":"2020-04-22T18:15:08","date_gmt":"2020-04-22T16:15:08","guid":{"rendered":"http:\/\/cgfm.fr\/cgfmwp\/?page_id=2081"},"modified":"2025-01-19T10:10:11","modified_gmt":"2025-01-19T09:10:11","slug":"cgfm-2020","status":"publish","type":"page","link":"https:\/\/cgfm.fr\/cgfmwp\/cgfm-2020\/","title":{"rendered":"1 &#8211; COORDONN\u00c9ES \/INFOS PRINCIPALES CGFM + SITE"},"content":{"rendered":"<blockquote>\n<h1>informations principales CGFM.<\/h1>\n<\/blockquote>\n<h2>Adresse du si\u00e8ge : 19, rue de Heimsbrunn \u00e0 Mulhouse .<\/h2>\n<h3><strong><span style=\"font-size: small; font-family: inherit; color: #32373c;\">Club pr\u00e9sid\u00e9 par\u00a0<\/span> Bernard Hoffmann<\/strong><\/h3>\n<h1><strong><span style=\"color: #32373c; font-size: small;\"><u>Composition du comit\u00e9\u00a0 :<\/u><\/span><\/strong><\/h1>\n<h5>PRESIDENT : <span style=\"font-size: small; font-family: inherit; color: #32373c;\">Bernard Hoffmann \/ <\/span><a style=\"font-size: small; font-family: inherit;\" href=\"mailto:cgfm_bernard@orange.fr\">cgfm_bernard@orange.fr<\/a><\/h5>\n<p>+++<\/p>\n<h2><span style=\"color: #32373c;\"> <span style=\"font-family: inherit;\"><span style=\"font-size: small;\">06 07 85 87 90<\/span><\/span><\/span><\/h2>\n<p>&#8212;&#8212;&#8212;&#8212;&#8212;&#8212;&#8212;&#8212;&#8212;&#8212;&#8212;&#8212;&#8212;&#8212;&#8212;&#8212;&#8212;&#8212;&#8212;&#8212;&#8212;&#8212;-<\/p>\n<h2><span style=\"color: #32373c;\"><span style=\"font-family: inherit;\"><span style=\"font-size: small;\">Micha\u00ebl FRANCONY\/ <span style=\"color: #0000ff;\">micfranco@hotmail.com<\/span><\/span><\/span><\/span><\/h2>\n<h4><span style=\"color: #32373c; font-size: small;\">Gestion fichiers des membres .<\/span><\/h4>\n<p>&#8212;&#8212;&#8212;&#8212;&#8212;&#8212;&#8212;&#8212;&#8212;&#8212;&#8212;&#8212;&#8212;&#8212;&#8212;&#8212;&#8212;&#8212;&#8212;&#8212;<\/p>\n<h2><span style=\"color: #32373c;\"><span style=\"font-family: inherit;\"><span style=\"font-size: small;\">Eric VERNET \/ <a href=\"mailto:ericgfm@free.fr\">ericgfm@free.fr<\/a><\/span><\/span><\/span><\/h2>\n<h2><span style=\"color: #32373c;\"><span style=\"font-family: inherit;\"><span style=\"font-size: small;\">\u00a0 <strong>Responsable du site\u00a0 \u00a0+ entrainements hors stade ( nature\/initiation au trail\u00a0 )\u00a0<\/strong><\/span><\/span><\/span><\/h2>\n<p>&#8212;&#8212;&#8212;&#8212;&#8212;&#8212;&#8212;&#8212;&#8212;&#8212;&#8212;&#8212;&#8212;&#8212;&#8212;&#8212;&#8212;&#8212;&#8212;&#8212;&#8212;&#8212;-<\/p>\n<h5>Sophie ERHART \/ <a href=\"mailto:sophie.erhart@gmail.com\"><span style=\"color: #0000ff;\">sophie.erhart@gmail.com<\/span><\/a><\/h5>\n<h5><span style=\"color: #32373c;\"><span style=\"font-family: inherit;\"><span style=\"font-size: small;\">Tr\u00e9sori\u00e8re .<\/span><\/span><\/span><\/h5>\n<p>&#8212;&#8212;&#8212;&#8212;&#8212;&#8212;&#8212;&#8212;&#8212;&#8212;&#8212;&#8212;&#8212;&#8212;&#8212;&#8212;&#8212;&#8212;&#8212;&#8212;&#8212;&#8212;&#8212;<\/p>\n<h5><strong>Coralie UMBRECHT<\/strong>\u00a0 \/\u00a0<a href=\"mailto:coraordi@hotmail.com\">coraordi@hotmail.com<\/a><\/h5>\n<h2><span style=\"color: #32373c;\"><span style=\"font-family: inherit;\"><span style=\"font-size: small;\">Secr\u00e9taire .<\/span><\/span><\/span><\/h2>\n<p>&#8212;&#8212;&#8212;&#8212;&#8212;&#8212;&#8212;&#8212;&#8212;&#8212;&#8212;&#8212;&#8212;&#8212;&#8212;&#8212;&#8212;&#8212;&#8212;&#8212;-<\/p>\n<h2><span style=\"color: #32373c;\"><span style=\"font-family: inherit;\"><span style=\"font-size: small;\">Maryline M<\/span><\/span><\/span><span style=\"color: #32373c;\"><span style=\"font-family: inherit;\"><span style=\"font-size: small;\">UNSCH\/ <a href=\"mailto:munschmaryline@yahoo.fr\">munschmaryline@yahoo.fr<\/a><\/span><\/span><\/span><\/h2>\n<h2><span style=\"color: #32373c;\"><span style=\"font-family: inherit;\"><span style=\"font-size: small;\">Miss Facebookcgfm + assistante secr\u00e9taire<\/span><\/span><\/span><\/h2>\n<p>&#8212;&#8212;&#8212;&#8212;&#8212;&#8212;&#8212;&#8212;&#8212;&#8212;&#8212;&#8212;&#8212;&#8212;&#8212;&#8212;&#8212;&#8212;&#8212;&#8212;<\/p>\n<h2><span style=\"color: #32373c;\"><span style=\"font-family: inherit;\"><span style=\"font-size: small;\">Christine KREITTNER \/ <a href=\"mailto:christine.kreittner@laposte.net\">christine.kreittner@laposte.net<\/a><\/span><\/span><\/span><\/h2>\n<h5><span style=\"color: #32373c;\"><span style=\"font-family: inherit;\"><span style=\"font-size: small;\">Organisation \u00e9v\u00e9nements ( sorties clubs\u00a0 + )<\/span><\/span><\/span><\/h5>\n<h5>+ accompagnement d\u00e9butants .<\/h5>\n<p>&#8212;&#8212;&#8212;&#8212;&#8212;&#8212;&#8212;&#8212;&#8212;&#8212;&#8212;&#8212;&#8212;&#8212;&#8212;&#8212;&#8212;&#8212;&#8212;-<\/p>\n<h2><span style=\"color: #32373c;\"><span style=\"font-family: inherit;\"><span style=\"font-size: small;\">Michel WEBER \/ <a href=\"mailto:michel.weber@estvideo.fr\">michel.weber@estvideo.fr<\/a><\/span><\/span><\/span><\/h2>\n<h5><span style=\"color: #32373c; font-size: small;\">Resultats sportifs femmes\/hommes<\/span><\/h5>\n<p>&#8212;&#8212;&#8212;&#8212;&#8212;&#8212;&#8212;&#8212;&#8212;&#8212;&#8212;&#8212;&#8212;&#8212;&#8212;&#8212;&#8212;&#8212;&#8212;-<\/p>\n<h5>Philippe HERRMANN \/ <a style=\"font-size: small; font-family: inherit;\" href=\"mailto:ppherrmann@hotmail.com\">ppherrmann@hotmail.com<\/a><\/h5>\n<h6>Entraineur .<\/h6>\n<p>&#8212;&#8212;&#8212;&#8212;&#8212;&#8212;&#8212;&#8212;&#8212;&#8212;&#8212;&#8212;&#8212;&#8212;&#8212;&#8212;&#8212;&#8212;&#8212;-<\/p>\n<h2><span style=\"color: #32373c;\"><span style=\"font-family: inherit;\"><span style=\"font-size: small;\"><strong>Jean-Fran\u00e7ois PLATEAU<\/strong> \/\u00a0 <a href=\"mailto:jf.plateau@free.fr\">jf.plateau@free.fr<\/a><\/span><\/span><\/span><\/h2>\n<h6><strong>informatique + assistant tr\u00e9sorerie .<\/strong><\/h6>\n<p>&#8212;&#8212;&#8212;&#8212;&#8212;&#8212;&#8212;&#8212;&#8212;&#8212;&#8212;&#8212;&#8212;&#8212;&#8212;&#8212;&#8211;<\/p>\n<h2><span style=\"color: #32373c;\"><span style=\"font-family: inherit;\"><span style=\"font-size: small;\">Marie Gaugler \/\u00a0 <a href=\"mailto:marie.gaugler@gmail.com\">marie.gaugler@gmail.com<\/a><\/span><\/span><\/span><\/h2>\n<h6><strong>Services M\u00e9dicaux .<\/strong><\/h6>\n<p>&#8212;&#8212;&#8212;&#8212;&#8212;&#8212;&#8212;&#8212;&#8212;&#8212;&#8212;&#8212;&#8212;&#8212;&#8212;&#8212;-<\/p>\n<h2><span style=\"color: #32373c;\"><span style=\"font-family: inherit;\"><span style=\"font-size: small;\">Amal YAHIA \/ <a href=\"mailto:amalyahia@hotmail.com\">amalyahia@hotmail.com<\/a><\/span><\/span><\/span><\/h2>\n<h5>Chantal <strong>GROLL\/<\/strong> <a href=\"mamsgroll@gmail.com\">mamsgroll@gmail.com<\/a><\/h5>\n<p>*******************************************<\/p>\n<p>&nbsp;<\/p>\n<h1>\u00a0Site CGFM .<\/h1>\n<h4>LE SITE EST EXCLUSIVEMENT CONSACR\u00c9 A TOUT NOS MEMBRES ET AINSI METTRE EN LIGNE POUR PARTAGER VOS EXPLOITS SPORTIFS \/ \u00c9V\u00c9NEMENTS CGFM .<\/h4>\n<h4>A vous qui d\u00e9sirez y para\u00eetre :<br \/>\nn\u2019h\u00e9sitez pas !<\/h4>\n<h4>envoyez moi vos r\u00e9sultats \/r\u00e9cits + photos de vos \u00ab exploits \u00bb :<\/h4>\n<h4><a href=\"mailto:ericgfm@free.fr\">ericgfm@free.fr<\/a><\/h4>\n<h4>le tout assez rapidement , dans la semaine suivante si possible\u2026<br \/>\nafin de respecter un ordre chronologique ,<br \/>\ncar parfois les \u00e9v\u00e9nements se bousculent .<\/h4>\n<h4>Merci a vous mais c\u2019est pour VOUS .<\/h4>\n<h4>Eric .V<\/h4>\n<h4>*******************************************************<br \/>\nle CGFM \u00e9galement sur cgfm facebook :<\/h4>\n<p><a href=\"https:\/\/fr-fr.facebook.com\/pages\/category\/Amateur-Sports-Team\/CGFM-Club-Grand-Fond-de-Mulhouse-178161592974527\/\">https:\/\/fr-fr.facebook.com\/pages\/category\/Amateur-Sports-Team\/CGFM-Club-Grand-Fond-de-Mulhouse-178161592974527\/<\/a><\/p>\n<h4>Aliment\u00e9 par Maryline \/ Ga\u00eblle<\/h4>\n<h4><a href=\"mailto:munschmaryline@yahoo.fr\">munschmaryline@yahoo.fr<\/a> \/<a href=\"mailto:gaelle@discordance.fr\"> gaelle@discordance.fr<\/a><\/h4>\n<p>&nbsp;<\/p>\n","protected":false},"excerpt":{"rendered":"<p>informations principales CGFM. Adresse du si\u00e8ge : 19, rue de Heimsbrunn \u00e0 Mulhouse . Club pr\u00e9sid\u00e9 par\u00a0 Bernard Hoffmann Composition du comit\u00e9\u00a0 : PRESIDENT : Bernard Hoffmann \/ cgfm_bernard@orange.fr +++ 06 07 85 87 90 &#8212;&#8212;&#8212;&#8212;&#8212;&#8212;&#8212;&#8212;&#8212;&#8212;&#8212;&#8212;&#8212;&#8212;&#8212;&#8212;&#8212;&#8212;&#8212;&#8212;&#8212;&#8212;- Micha\u00ebl FRANCONY\/ micfranco@hotmail.com Gestion fichiers des membres . &#8212;&#8212;&#8212;&#8212;&#8212;&#8212;&#8212;&#8212;&#8212;&#8212;&#8212;&#8212;&#8212;&#8212;&#8212;&#8212;&#8212;&#8212;&#8212;&#8212; Eric VERNET \/ ericgfm@free.fr \u00a0 Responsable du site\u00a0 \u00a0+ entrainements &hellip; <\/p>\n<p class=\"link-more\"><a href=\"https:\/\/cgfm.fr\/cgfmwp\/cgfm-2020\/\" class=\"more-link\">Lire la suite de<span class=\"screen-reader-text\">\u00ab\u00a01 &#8211; COORDONN\u00c9ES \/INFOS PRINCIPALES CGFM + SITE\u00a0\u00bb<\/span><\/a><\/p>\n","protected":false},"author":5,"featured_media":0,"parent":0,"menu_order":0,"comment_status":"closed","ping_status":"closed","template":"","meta":{"inspiro_hide_title":false,"footnotes":""},"class_list":["post-2081","page","type-page","status-publish","hentry"],"_links":{"self":[{"href":"https:\/\/cgfm.fr\/cgfmwp\/wp-json\/wp\/v2\/pages\/2081","targetHints":{"allow":["GET"]}}],"collection":[{"href":"https:\/\/cgfm.fr\/cgfmwp\/wp-json\/wp\/v2\/pages"}],"about":[{"href":"https:\/\/cgfm.fr\/cgfmwp\/wp-json\/wp\/v2\/types\/page"}],"author":[{"embeddable":true,"href":"https:\/\/cgfm.fr\/cgfmwp\/wp-json\/wp\/v2\/users\/5"}],"replies":[{"embeddable":true,"href":"https:\/\/cgfm.fr\/cgfmwp\/wp-json\/wp\/v2\/comments?post=2081"}],"version-history":[{"count":14,"href":"https:\/\/cgfm.fr\/cgfmwp\/wp-json\/wp\/v2\/pages\/2081\/revisions"}],"predecessor-version":[{"id":6484,"href":"https:\/\/cgfm.fr\/cgfmwp\/wp-json\/wp\/v2\/pages\/2081\/revisions\/6484"}],"wp:attachment":[{"href":"https:\/\/cgfm.fr\/cgfmwp\/wp-json\/wp\/v2\/media?parent=2081"}],"curies":[{"name":"wp","href":"https:\/\/api.w.org\/{rel}","templated":true}]}}