{"id":2054,"date":"2020-06-01T15:17:33","date_gmt":"2020-06-01T13:17:33","guid":{"rendered":"http:\/\/cgfm.fr\/cgfmwp\/?page_id=2054"},"modified":"2023-11-18T10:48:17","modified_gmt":"2023-11-18T09:48:17","slug":"conseils-entrainements","status":"publish","type":"page","link":"https:\/\/cgfm.fr\/cgfmwp\/conseils-entrainements\/","title":{"rendered":"3- CONSEILS  COURSE A PIED DE A a &#8230;&#8230;"},"content":{"rendered":"<h4><\/h4>\n<p>&nbsp;<\/p>\n<h1><strong>Chapitre<span style=\"color: #ff0000;\"> 1 <\/span>:\u00a0 introduction a la course a pied .\u00a0<\/strong><\/h1>\n<p><img loading=\"lazy\" decoding=\"async\" class=\"\" src=\"http:\/\/3.bp.blogspot.com\/-5oJyV8KkBlQ\/TZXFlcPksCI\/AAAAAAAAANc\/6g_mv1nWeqE\/s1600\/happy+runner.jpg\" alt=\"Afficher l\u2019image source\" width=\"46\" height=\"55\" \/>\u00a0 \u00a0 <img loading=\"lazy\" decoding=\"async\" class=\"\" src=\"http:\/\/3.bp.blogspot.com\/-5oJyV8KkBlQ\/TZXFlcPksCI\/AAAAAAAAANc\/6g_mv1nWeqE\/s1600\/happy+runner.jpg\" alt=\"Afficher l\u2019image source\" width=\"46\" height=\"55\" \/>\u00a0 <img loading=\"lazy\" decoding=\"async\" class=\"\" src=\"http:\/\/3.bp.blogspot.com\/-5oJyV8KkBlQ\/TZXFlcPksCI\/AAAAAAAAANc\/6g_mv1nWeqE\/s1600\/happy+runner.jpg\" alt=\"Afficher l\u2019image source\" width=\"46\" height=\"55\" \/><\/p>\n<h1><strong>Chapitre <span style=\"color: #ff0000;\">2<\/span><\/strong> : Conseils importants !<\/h1>\n<h1><strong>Chapitre\u00a0<\/strong><span style=\"color: #ff0000;\"> 3<\/span> :\u00a0 les principales\u00a0 diff\u00e9rentes distances .<\/h1>\n<h4><\/h4>\n<p>&nbsp;<\/p>\n<h1><span style=\"color: #ff0000;\"><strong>\u00a0<span style=\"color: #00ffff;\"><span style=\"color: #ff0000;\">1 :<\/span> <\/span><\/strong><\/span><span style=\"color: #00ff00;\"><strong>introduction a la course a pied\u00a0 .<\/strong><\/span><\/h1>\n<h4>Avoir un minimum de condition physique et une petite dose de mental , un objectif aussi minime qu&rsquo;il soit permet de r\u00e9aliser ce que l&rsquo;on pensait hors de port\u00e9e &#8230;<\/h4>\n<h4>Avec un \u00e9quipement ad\u00e9quat :\u00a0 chaussure de Running + v\u00eatements\u00a0 adapt\u00e9s\u00a0 cela deviens possible .<\/h4>\n<h4><strong>Apprendre a courir pour les d\u00e9butants :<\/strong><\/h4>\n<h4>Toujours d\u00e9marrer l&rsquo;entrainement doucement soit par quelques exercices d\u2019\u00e9chauffements ou en commen\u00e7ant par une marche \u00ab\u00a0d\u2019\u00e9chauffement\u00a0\u00bb de 5 a 10 minutes puis se mettre a courir pour une dur\u00e9e variable selon vos capacit\u00e9s et se remettre a marcher si besoin , et ainsi de suite&#8230; <strong>alterner\u00a0 marche \/ course a pied .<\/strong><\/h4>\n<h4>A faire r\u00e9guli\u00e8rement une a deux fois par semaine jusqu\u2019\u00e0\u00a0 tenir en\u00a0 courant une heure sans marche et sans oublier l&rsquo; \u00e9chauffement\u00a0 ou exercices d\u2019\u00e9chauffements avant de d\u00e9marrer .<\/h4>\n<h4>Courir une heure c&rsquo;est\u00a0 pouvoir faire un 10 km sans probl\u00e8me !<\/h4>\n<h4>Certain y arriveront en quelques semaines et d&rsquo;autre\u00a0 plus &#8230;<\/h4>\n<h4>Nous somme tous diff\u00e9rents !<\/h4>\n<h4>Courir pendant une heure quelque soit les km parcourus\u00a0 sera un grand pas\u00a0 et l&rsquo;ouverture vers de nouveaux\u00a0 horizons .<\/h4>\n<p>&nbsp;<\/p>\n<h1><span style=\"color: #00ffff;\"><span style=\"color: #ff0000;\">2 :<\/span>\u00a0<span style=\"color: #00ff00;\"> Conseils importants !<\/span><\/span><\/h1>\n<h3><span style=\"color: #ff0000;\">Ne pas h\u00e9siter \u00e0 adapter son entra\u00eenement en fonction de votre vie personnelle\u00a0 , mais aussi selon votre travail .\u00a0\u00a0<\/span><\/h3>\n<p><img decoding=\"async\" src=\"https:\/\/www.emoticones-gratuits.com\/ordinateur\/100.gif\" alt=\"Emoticone et smiley ordinateur informaticien\" \/>\u00a0 \u00a0 OU <img decoding=\"async\" src=\"https:\/\/www.smiley-lol.com\/smiley\/metiers\/ouvriers\/ouvrier2.gif\" alt=\"terrasier\" \/><\/p>\n<h3><span style=\"color: #ff0000;\">Progresser ce n\u2019est pas s\u2019entra\u00eener dur mais efficacement<\/span><\/h3>\n<p><img loading=\"lazy\" decoding=\"async\" class=\"\" src=\"https:\/\/th.bing.com\/th\/id\/OIP.T80-8o6lCXn6g3XopCnHRQHaFD?w=235&amp;h=160&amp;c=7&amp;o=5&amp;pid=1.7\" alt=\"R\u00e9sultat d\u2019images pour emoticone infirmiere\" width=\"134\" height=\"91\" \/> non !!!\u00a0 <img loading=\"lazy\" decoding=\"async\" class=\"\" src=\"https:\/\/s-media-cache-ak0.pinimg.com\/736x\/4b\/e7\/f9\/4be7f9cc8ec9464051f4a1a3bcbd0f22.jpg\" alt=\"Afficher l\u2019image source\" width=\"140\" height=\"109\" \/> ouiiiii !!!<\/p>\n<h3><span style=\"color: #ff0000;\">Bien s\u2019entra\u00eener, c\u2019est aussi bien r\u00e9cup\u00e9rer entre les s\u00e9ances !<\/span><\/h3>\n<p><a href=\"https:\/\/cgfm.fr\/cgfmwp\/wp-content\/uploads\/2019\/06\/iahnokieiahlkjmg.gif\"><img loading=\"lazy\" decoding=\"async\" class=\"alignnone wp-image-1561\" src=\"https:\/\/cgfm.fr\/cgfmwp\/wp-content\/uploads\/2019\/06\/iahnokieiahlkjmg.gif\" alt=\"\" width=\"100\" height=\"125\" \/><\/a>\u00a0 \u00a0 \u00a0 \u00a0<img loading=\"lazy\" decoding=\"async\" class=\"\" src=\"https:\/\/www.emoticones-gratuits.com\/dormir\/102.gif\" alt=\"Emoticone et smiley dort\" width=\"88\" height=\"79\" \/><a href=\"https:\/\/cgfm.fr\/cgfmwp\/wp-content\/uploads\/2019\/06\/iahnokieiahlkjmg.gif\"><img loading=\"lazy\" decoding=\"async\" class=\"alignnone wp-image-1561\" src=\"https:\/\/cgfm.fr\/cgfmwp\/wp-content\/uploads\/2019\/06\/iahnokieiahlkjmg.gif\" alt=\"\" width=\"115\" height=\"144\" \/><\/a><\/p>\n<h3><span style=\"color: #ff0000;\">Eviter le surentra\u00eenement et les blessures en contr\u00f4lant son niveau de fatigue .<\/span><\/h3>\n<p><img loading=\"lazy\" decoding=\"async\" class=\"\" src=\"https:\/\/i.pinimg.com\/originals\/c0\/7b\/ea\/c07bea501113b1735db8453c29b698a4.png\" alt=\"Afficher l\u2019image source\" width=\"218\" height=\"145\" \/><\/p>\n<h3><span style=\"color: #ff0000;\">S\u2019entra\u00eener de mani\u00e8re intense toute l\u2019ann\u00e9e n\u2019est pas forc\u00e9ment ce qu\u2019il y a de plus efficace.<\/span><\/h3>\n<p>&nbsp;<\/p>\n<p><img loading=\"lazy\" decoding=\"async\" class=\"\" src=\"https:\/\/th.bing.com\/th\/id\/OIP.1-h0t2FOG4V5ufVgaBt9TwHaGJ?pid=Api&amp;rs=1\" alt=\"Afficher l\u2019image source\" width=\"123\" height=\"102\" \/>\u00a0 \u00a0 \u00a0 <img loading=\"lazy\" decoding=\"async\" class=\"\" src=\"https:\/\/thumbs.dreamstime.com\/z\/d%C3%A9cembre-jour-sur-le-calendrier-89205316.jpg\" alt=\"Afficher l\u2019image source\" width=\"74\" height=\"79\" \/> <img loading=\"lazy\" decoding=\"async\" class=\"\" src=\"http:\/\/www.coolcatteacher.com\/wp-content\/uploads\/2017\/04\/combatting-emotional-fatigue.png\" alt=\"Afficher l\u2019image source\" width=\"123\" height=\"103\" \/><\/p>\n<h3><span style=\"color: #ff0000;\">S&rsquo;hydrater suffisamment surtout par temps chaud ,\u00a0 ne pas attendre d&rsquo; avoir soif\u00a0 , cela voudrait dire que vous\u00a0 \u00eates d\u00e9j\u00e0 en phase de d\u00e9shydratation &#8230;<\/span><\/h3>\n<p><img loading=\"lazy\" decoding=\"async\" class=\"rg_i Q4LuWd tx8vtf\" src=\"https:\/\/encrypted-tbn0.gstatic.com\/images?q=tbn%3AANd9GcTIlhgbGek-EsJP1Dn2tDEl8Zbr2twRnhNH-utWbnUGfXGsNFwz&amp;usqp=CAU\" alt=\"Eau Potable \u00c9moticon Vecteurs libres de droits et plus d'images ...\" width=\"134\" height=\"81\" data-noaft=\"1\" \/>\u00a0 \u00a0 ouiiiiii\u00a0 !\u00a0 \u00a0 \u00a0 \u00a0 \u00a0 \u00a0\u00a0 <img loading=\"lazy\" decoding=\"async\" class=\"rg_i Q4LuWd tx8vtf\" src=\"https:\/\/encrypted-tbn0.gstatic.com\/images?q=tbn%3AANd9GcRzdKYj-OKj7IDoWrH6TSdFLlntjc5Jl8bVIDg1agpRG4JjC7yw&amp;usqp=CAU\" alt=\"Un \u00e9vanouissement De Bande Dessin\u00e9e Emoji M\u00e9lodramatique Caract\u00e8re ...\" width=\"67\" height=\"83\" data-src=\"https:\/\/encrypted-tbn0.gstatic.com\/images?q=tbn%3AANd9GcRzdKYj-OKj7IDoWrH6TSdFLlntjc5Jl8bVIDg1agpRG4JjC7yw&amp;usqp=CAU\" data-lt=\"\" \/>\u00a0<img loading=\"lazy\" decoding=\"async\" class=\"n3VNCb\" src=\"https:\/\/encrypted-tbn0.gstatic.com\/images?q=tbn%3AANd9GcSbSSK4B1FzmWAX1tFBrmH8tRQKiZ4aZ82ISN1uOU1xDvIM1nAB&amp;usqp=CAU\" alt=\"Plan\u00e8te d\u00e9lire - fait trop chaud..... | Facebook\" width=\"83\" height=\"83\" data-noaft=\"1\" \/>non\u00a0 !!!<\/p>\n<h3><span style=\"color: #ff0000;\">Ecoutez <img loading=\"lazy\" decoding=\"async\" class=\"\" src=\"https:\/\/th.bing.com\/th\/id\/OIP.IfVLMZTEkIyXMsMkqOLUmQHaFW?pid=Api&amp;rs=1\" alt=\"Afficher l\u2019image source\" width=\"112\" height=\"81\" \/> \u00a0 \u00a0votre corps avant tout et lever le pied au moindre signe n\u00e9gatif , un p&rsquo;tit bobo soign\u00e9 a temps\u00a0 \u00e9vitera un plus gros bobo &#8230;.<\/span><\/h3>\n<p>vaut mieux\u00a0 \u00a0 \u00a0 <img loading=\"lazy\" decoding=\"async\" class=\"n3VNCb\" src=\"https:\/\/previews.123rf.com\/images\/lenm\/lenm1801\/lenm180100127\/93193524-illustration-d-amp-une-smiley-mascotte-smiley-et-bless%C3%A9-avec-un-bandage-sur-sa-t%C3%AAte.jpg\" alt=\"Illustration D &amp; # 39 ; Une Smiley Mascotte Smiley Et Bless\u00e9 Avec ...\" width=\"84\" height=\"84\" data-noaft=\"1\" \/>\u00a0 \u00a0 \u00a0 \u00a0 \u00a0 \u00a0 \u00a0 \u00a0 \u00a0 \u00a0 \u00a0 \u00a0 que <img decoding=\"async\" class=\"n3VNCb\" src=\"https:\/\/i.pinimg.com\/474x\/d6\/f7\/84\/d6f78445803a500b91474583dc39d11c.jpg\" alt=\"73 meilleures images du tableau emoticone | Smileys, Emoticone ...\" data-noaft=\"1\" \/><\/p>\n<h3><span style=\"color: #ff0000;\">Ne pas vouloir br\u00fbler les \u00e9tapes&#8230;. il faut du temps\u00a0 pour arriver a un but .<\/span><\/h3>\n<h4>\u00a0 \u00a0 \u00a0 <img loading=\"lazy\" decoding=\"async\" class=\"\" src=\"https:\/\/ih1.redbubble.net\/image.445474861.8887\/flat,550x550,075,f.jpg\" alt=\"Afficher l\u2019image source\" width=\"70\" height=\"71\" \/>\u00a0 \u00a0 \u00a0 \u00a0 \u00a0 \u00a0 \u00a0\u00a0<img loading=\"lazy\" decoding=\"async\" class=\"n3VNCb\" src=\"https:\/\/i.etsystatic.com\/6317348\/r\/il\/83b721\/1224627362\/il_570xN.1224627362_q0g8.jpg\" alt=\"10.5 souriant EMOJI horloge Living Room 10.5 | Etsy\" width=\"99\" height=\"99\" data-noaft=\"1\" \/>\u00a0 \u00a0 \u00a0 \u00a0 \u00a0\u00a0<img loading=\"lazy\" decoding=\"async\" class=\"\" src=\"https:\/\/i.pinimg.com\/originals\/5d\/6e\/05\/5d6e0532769c0cffc7c29ab2ef516653.jpg\" alt=\"Afficher l\u2019image source\" width=\"97\" height=\"93\" \/><\/h4>\n<p>&nbsp;<\/p>\n<p>Un entra\u00eenement constant produit de petits progr\u00e8s parfois invisibles mais reproduit semaine apr\u00e8s semaine, mois apr\u00e8s mois, sera un bon entra\u00eenement qui va vous permettre de <b>progresser tout en g\u00e9rant son niveau de fatigue<\/b> et donc \u00e9viter le surentra\u00eenement et les blessures.<\/p>\n<p><span style=\"color: #0000ff;\">Il y a tellement de plans d&rsquo;entrainement sur le net\u00a0 .\u00a0\u00a0<\/span><\/p>\n<p><span style=\"color: #0000ff;\">C&rsquo;est pourquoi pas de plans entrainement ici .<\/span><\/p>\n<p>A vous de trouver celui qui vous conviens\u00a0 car nous sommes tous diff\u00e9rent !<\/p>\n<p>Tout en sachant que le plan d&rsquo;entrainement n&rsquo;est pas\u00a0 une n\u00e9cessit\u00e9 pour progresser &#8230;<\/p>\n<p>Varier vos allures\u00a0 et vos terrains d\u2019entra\u00eenements .<\/p>\n<p>Il y aura toujours quelqu&rsquo;un au CGFM pour vous aider a choisir si besoin\u00a0 .<\/p>\n<h3><span style=\"color: #ff0000;\"><strong>l&rsquo;important est de bien se connaitre avant tout .<\/strong><\/span><\/h3>\n<p>&nbsp;<\/p>\n<h3><strong>Dernier conseil\u00a0 :<\/strong><\/h3>\n<h3><span style=\"color: #ff0000;\">\u00a0 <strong>FAITES VOUS PLAISIR AVANT TOUT\u00a0 !!!<\/strong><\/span><\/h3>\n<p>vous n\u2019\u00eates pas des \u00ab\u00a0pros\u00a0\u00bb\u00a0 &#8230; le bonheur de courir avant tout .<\/p>\n<p>&nbsp;<\/p>\n<h1><span style=\"color: #ff0000;\">3 :\u00a0 <span style=\"color: #00ff00;\">les principales diff\u00e9rentes distances .<\/span>\u00a0\u00a0<\/span><\/h1>\n<p>&nbsp;<\/p>\n<p>Maintenant que vous \u00eates capable de tenir une heure en courant<\/p>\n<p><strong>le 10 km<\/strong> est a votre port\u00e9e !<\/p>\n<p><strong>Le 10 km est une base<\/strong> , une r\u00e9f\u00e9rence de vos possibilit\u00e9s \/ capacit\u00e9s ,\u00a0 qui vous permettra de vous situez parmi les autres &#8230; et d&rsquo;envisager d&rsquo;aller plus loin ou de s\u2019arr\u00eater au 10 km .<\/p>\n<p>Arrive ensuite <strong>Le Semi\u00a0 21, 0975 km\u00a0 <\/strong>puis\u00a0 <strong>le Marathon et sa distance mythique de 42, 195 km .<\/strong><\/p>\n<p><strong>Le Marathon est un \u00ab\u00a0sacre\u00a0\u00bb pour le coureur sur bitume\u00a0 ,<\/strong> l&rsquo;aboutissement , la limite d&rsquo;une \u00a0\u00bb carri\u00e8re \u00a0\u00bb\u00a0 pour beaucoup .<\/p>\n<p>et puis\u00a0 au del\u00e0 du Marathon &#8230;. il y a <strong>les ultras routes <\/strong>comme<strong> :<\/strong><\/p>\n<p>les 100 km ( devenus tr\u00e8s rare&#8230;)\u00a0 et aussi des \u00e9preuves \u00ab\u00a0horaires\u00a0\u00bb comme les\u00a0 6 h \/ 12 h \/ 24 h \/ 48 h mais qui attirent beaucoup moins aussi .<\/p>\n<h4><b>De nos jours , les temps ont bien chang\u00e9s et les courses nature de toutes distances\u00a0 avec plus ou moins de d\u00e9nivel\u00e9\u00a0 ont pris le relais et connaissent depuis quelque temps <\/b><b>\u00a0\u00bb un succ\u00e8s fou \u00a0\u00bb\u00a0<\/b><b> ( hommage a Christophe pour celles \/ ceux qui connaissent&#8230;\u00a0 )<img loading=\"lazy\" decoding=\"async\" class=\"n3VNCb\" src=\"https:\/\/i.pinimg.com\/originals\/eb\/94\/22\/eb9422977f2a5d9904f55f40ba495628.jpg\" alt=\"R\u00e9sultats de recherche d'images pour \u00ab \u00e9moticones clin d'oeil ...\" width=\"27\" height=\"27\" data-iml=\"2074\" \/>\u00a0<\/b><\/h4>\n<h4><strong>Ces courses nature qui deviennent des TRAILS\u00a0 et\u00a0<\/strong><strong>selon la distance des\u00a0 <\/strong>ULTRA TRAILS ( + de 80 km ) ou il faut poss\u00e9der en plus d&rsquo;un bon physique , un mental a toute \u00e9preuve\u00a0 pour pouvoir repousser ses limites\u00a0 et acc\u00e9der au Graal\u00a0 \u00ab\u00a0Ultra Traileurs\u00a0\u00bb\u00a0 et pk pas aller plus loin &#8230; plus haut car ces \u00e9preuves\u00a0la sont sans limite de km &#8230;.<\/h4>\n<h4><strong>Des \u00e9preuves ou l&rsquo;on oublie quelque peu\u00a0 le \u00ab\u00a0chrono\u00a0\u00bb\u00a0 pour lever la t\u00eate tout en regardant ou l&rsquo;on met les pieds&#8230;<\/strong><strong>et s&rsquo;en mettre plein la vue <\/strong><\/h4>\n<h4><strong>avec des paysages splendides et le tout dans une toute autre mentalit\u00e9 que celle des coureurs sur route .<\/strong><\/h4>\n<h4><\/h4>\n<h4>Choisissez votre terrain ou le plaisir sera le plus grand pour vous !<\/h4>\n<p>&nbsp;<\/p>\n","protected":false},"excerpt":{"rendered":"<p>&nbsp; Chapitre 1 :\u00a0 introduction a la course a pied .\u00a0 \u00a0 \u00a0 \u00a0 Chapitre 2 : Conseils importants ! Chapitre\u00a0 3 :\u00a0 les principales\u00a0 diff\u00e9rentes distances . &nbsp; \u00a01 : introduction a la course a pied\u00a0 . Avoir un minimum de condition physique et une petite dose de mental , un objectif aussi minime &hellip; <\/p>\n<p class=\"link-more\"><a href=\"https:\/\/cgfm.fr\/cgfmwp\/conseils-entrainements\/\" class=\"more-link\">Lire la suite de<span class=\"screen-reader-text\">\u00ab\u00a03- CONSEILS  COURSE A PIED DE A a &#8230;&#8230;\u00a0\u00bb<\/span><\/a><\/p>\n","protected":false},"author":5,"featured_media":0,"parent":0,"menu_order":0,"comment_status":"closed","ping_status":"closed","template":"","meta":{"inspiro_hide_title":false,"footnotes":""},"class_list":["post-2054","page","type-page","status-publish","hentry"],"_links":{"self":[{"href":"https:\/\/cgfm.fr\/cgfmwp\/wp-json\/wp\/v2\/pages\/2054","targetHints":{"allow":["GET"]}}],"collection":[{"href":"https:\/\/cgfm.fr\/cgfmwp\/wp-json\/wp\/v2\/pages"}],"about":[{"href":"https:\/\/cgfm.fr\/cgfmwp\/wp-json\/wp\/v2\/types\/page"}],"author":[{"embeddable":true,"href":"https:\/\/cgfm.fr\/cgfmwp\/wp-json\/wp\/v2\/users\/5"}],"replies":[{"embeddable":true,"href":"https:\/\/cgfm.fr\/cgfmwp\/wp-json\/wp\/v2\/comments?post=2054"}],"version-history":[{"count":2,"href":"https:\/\/cgfm.fr\/cgfmwp\/wp-json\/wp\/v2\/pages\/2054\/revisions"}],"predecessor-version":[{"id":5804,"href":"https:\/\/cgfm.fr\/cgfmwp\/wp-json\/wp\/v2\/pages\/2054\/revisions\/5804"}],"wp:attachment":[{"href":"https:\/\/cgfm.fr\/cgfmwp\/wp-json\/wp\/v2\/media?parent=2054"}],"curies":[{"name":"wp","href":"https:\/\/api.w.org\/{rel}","templated":true}]}}